{"id":130,"date":"2023-01-23T12:45:19","date_gmt":"2023-01-23T12:45:19","guid":{"rendered":"http:\/\/gazeta.elcka.pl\/?page_id=130"},"modified":"2023-01-23T13:27:03","modified_gmt":"2023-01-23T13:27:03","slug":"ogloszenia","status":"publish","type":"page","link":"https:\/\/gazeta.elcka.pl\/?page_id=130","title":{"rendered":"Og\u0142oszenia"},"content":{"rendered":"\n<p>Przegl\u0105daj i dodawaj og\u0142oszenia klikaj\u0105c w poni\u017cszy baner:<\/p>\n\n\n\n<figure class=\"wp-block-image size-full\"><a href=\"https:\/\/portalelk.pl\/ogloszenia\"><img loading=\"lazy\" decoding=\"async\" width=\"728\" height=\"180\" src=\"http:\/\/gazeta.elcka.pl\/wp-content\/uploads\/2023\/01\/ogloszenia.png\" alt=\"\" class=\"wp-image-135\" srcset=\"https:\/\/gazeta.elcka.pl\/wp-content\/uploads\/2023\/01\/ogloszenia.png 728w, https:\/\/gazeta.elcka.pl\/wp-content\/uploads\/2023\/01\/ogloszenia-300x74.png 300w\" sizes=\"auto, (max-width: 728px) 100vw, 728px\" \/><\/a><\/figure>\n","protected":false},"excerpt":{"rendered":"<p>Przegl\u0105daj i dodawaj og\u0142oszenia klikaj\u0105c w poni\u017cszy baner:<\/p>\n","protected":false},"author":1,"featured_media":0,"parent":0,"menu_order":0,"comment_status":"closed","ping_status":"closed","template":"","meta":{"footnotes":""},"class_list":["post-130","page","type-page","status-publish","hentry"],"jetpack_sharing_enabled":true,"_links":{"self":[{"href":"https:\/\/gazeta.elcka.pl\/index.php?rest_route=\/wp\/v2\/pages\/130","targetHints":{"allow":["GET"]}}],"collection":[{"href":"https:\/\/gazeta.elcka.pl\/index.php?rest_route=\/wp\/v2\/pages"}],"about":[{"href":"https:\/\/gazeta.elcka.pl\/index.php?rest_route=\/wp\/v2\/types\/page"}],"author":[{"embeddable":true,"href":"https:\/\/gazeta.elcka.pl\/index.php?rest_route=\/wp\/v2\/users\/1"}],"replies":[{"embeddable":true,"href":"https:\/\/gazeta.elcka.pl\/index.php?rest_route=%2Fwp%2Fv2%2Fcomments&post=130"}],"version-history":[{"count":3,"href":"https:\/\/gazeta.elcka.pl\/index.php?rest_route=\/wp\/v2\/pages\/130\/revisions"}],"predecessor-version":[{"id":136,"href":"https:\/\/gazeta.elcka.pl\/index.php?rest_route=\/wp\/v2\/pages\/130\/revisions\/136"}],"wp:attachment":[{"href":"https:\/\/gazeta.elcka.pl\/index.php?rest_route=%2Fwp%2Fv2%2Fmedia&parent=130"}],"curies":[{"name":"wp","href":"https:\/\/api.w.org\/{rel}","templated":true}]}}